{"id":50329,"date":"2022-06-21T23:20:26","date_gmt":"2022-06-21T21:20:26","guid":{"rendered":"https:\/\/www.agencyworld.org\/contact-us"},"modified":"2025-09-18T18:03:43","modified_gmt":"2025-09-18T16:03:43","slug":"contact-us","status":"publish","type":"page","link":"https:\/\/www.agencyworld.org\/en\/contact-us","title":{"rendered":"Contact us"},"content":{"rendered":"<p>[et_pb_section fb_built=&#8221;1&#8243; custom_padding_last_edited=&#8221;on|phone&#8221; next_background_color=&#8221;#ffffff&#8221; _builder_version=&#8221;4.17.4&#8243; _module_preset=&#8221;default&#8221; background_color=&#8221;rgba(7,27,52,0.65)&#8221; background_image=&#8221;https:\/\/www.agencyworld.org\/wp-content\/uploads\/2022\/07\/contacto-agency-world.jpg&#8221; background_blend=&#8221;multiply&#8221; custom_margin=&#8221;0px||0px||false|false&#8221; custom_padding=&#8221;125px||185px||false|false&#8221; custom_padding_tablet=&#8221;80px||30px||false|false&#8221; custom_padding_phone=&#8221;85px||20px||false|false&#8221; bottom_divider_style=&#8221;arrow2&#8243; animation_style=&#8221;fade&#8221; animation_duration=&#8221;200ms&#8221; global_colors_info=&#8221;{}&#8221;][et_pb_row _builder_version=&#8221;4.17.4&#8243; _module_preset=&#8221;default&#8221; width=&#8221;90%&#8221; max_width=&#8221;1200px&#8221; custom_margin=&#8221;0px||0px||false|false&#8221; custom_margin_tablet=&#8221;40px||||false|false&#8221; custom_margin_phone=&#8221;40px||||false|false&#8221; custom_margin_last_edited=&#8221;on|tablet&#8221; custom_padding=&#8221;0px||0px||false|false&#8221; global_colors_info=&#8221;{}&#8221;][et_pb_column type=&#8221;4_4&#8243; _builder_version=&#8221;4.17.4&#8243; _module_preset=&#8221;default&#8221; global_colors_info=&#8221;{}&#8221;][et_pb_text _builder_version=&#8221;4.17.4&#8243; _module_preset=&#8221;default&#8221; header_font=&#8221;Catamaran|800|||||||&#8221; header_text_align=&#8221;left&#8221; header_text_color=&#8221;#FFFFFF&#8221; header_font_size=&#8221;75px&#8221; header_letter_spacing=&#8221;-1px&#8221; text_orientation=&#8221;center&#8221; module_alignment=&#8221;center&#8221; custom_margin=&#8221;0px||18px||false|false&#8221; custom_padding=&#8221;0px||0px||false|false&#8221; animation_style=&#8221;slide&#8221; animation_direction=&#8221;right&#8221; animation_duration=&#8221;800ms&#8221; animation_delay=&#8221;400ms&#8221; animation_intensity_slide=&#8221;10%&#8221; header_font_size_tablet=&#8221;50px&#8221; header_font_size_phone=&#8221;40px&#8221; header_font_size_last_edited=&#8221;on|tablet&#8221; global_colors_info=&#8221;{}&#8221;]<\/p>\n<h1 style=\"text-align: center;\"><strong>Contact us<\/strong><\/h1>\n<p>[\/et_pb_text][\/et_pb_column][\/et_pb_row][\/et_pb_section][et_pb_section fb_built=&#8221;1&#8243; _builder_version=&#8221;4.17.6&#8243; _module_preset=&#8221;default&#8221; custom_padding=&#8221;30px||30px||false|false&#8221; global_colors_info=&#8221;{}&#8221;][et_pb_row admin_label=&#8221;2&#8243; _builder_version=&#8221;4.16&#8243; max_width=&#8221;700px&#8221; custom_margin=&#8221;|||&#8221; custom_padding=&#8221;|||&#8221; use_custom_width=&#8221;on&#8221; custom_width_px=&#8221;700px&#8221; locked=&#8221;off&#8221; global_colors_info=&#8221;{}&#8221;][et_pb_column type=&#8221;4_4&#8243; _builder_version=&#8221;4.16&#8243; custom_padding=&#8221;|||&#8221; global_colors_info=&#8221;{}&#8221; custom_padding__hover=&#8221;|||&#8221;][et_pb_text admin_label=&#8221;1&#8243; _builder_version=&#8221;4.17.6&#8243; header_2_font=&#8221;|800|||||||&#8221; header_2_text_align=&#8221;center&#8221; header_2_text_color=&#8221;#000000&#8243; header_2_font_size=&#8221;35px&#8221; header_2_line_height=&#8221;1.3em&#8221; max_width=&#8221;700px&#8221; module_alignment=&#8221;center&#8221; custom_margin=&#8221;||15px|&#8221; global_colors_info=&#8221;{}&#8221;]<\/p>\n<h2>Contact with Agency World<\/h2>\n<p>[\/et_pb_text][et_pb_text _builder_version=&#8221;4.17.4&#8243; text_font=&#8221;||||||||&#8221; text_text_color=&#8221;#000000&#8243; text_line_height=&#8221;1.8em&#8221; header_font=&#8221;||||||||&#8221; text_orientation=&#8221;center&#8221; max_width=&#8221;532px&#8221; module_alignment=&#8221;center&#8221; custom_margin=&#8221;-13px||&#8221; global_colors_info=&#8221;{}&#8221;]<\/p>\n<p>If you have any questions, please fill out the following form and we will contact you as soon as possible.<\/p>\n<p>[\/et_pb_text][et_pb_contact_form use_spam_service=&#8221;on&#8221; recaptcha_list=&#8221;Agency World|Agency World-0&#8243; email=&#8221;info@agencyworld.org&#8221; custom_message=&#8221;Nombre: %%Nombre%%||et_pb_line_break_holder||Email: %%Email%%||et_pb_line_break_holder||Consulta: %%Consulta%%||et_pb_line_break_holder||||et_pb_line_break_holder||Ha aceptado la pol\u00edtica de privacidad&#8221; success_message=&#8221;Thank you for your message. We will contact you as soon as possible.&#8221; submit_button_text=&#8221;SEND&#8221; module_id=&#8221;et_pb_contact_form_0&#8243; _builder_version=&#8221;4.17.6&#8243; form_field_background_color=&#8221;#ffffff&#8221; form_field_text_color=&#8221;#000000&#8243; title_font=&#8221;||||||||&#8221; form_field_font=&#8221;Roboto|300|||||||&#8221; form_field_font_size=&#8221;15px&#8221; form_field_line_height=&#8221;1.6em&#8221; custom_button=&#8221;on&#8221; button_text_size=&#8221;20px&#8221; button_text_color=&#8221;#ffffff&#8221; button_bg_color=&#8221;#e74c57&#8243; button_border_width=&#8221;0px&#8221; button_border_color=&#8221;#383838&#8243; button_border_radius=&#8221;4px&#8221; button_letter_spacing=&#8221;1px&#8221; button_font=&#8221;|700||on|||||&#8221; button_use_icon=&#8221;off&#8221; module_alignment=&#8221;center&#8221; custom_margin=&#8221;45px|||&#8221; custom_padding=&#8221;|||&#8221; border_width_all=&#8221;1px&#8221; border_color_all=&#8221;#c9c9c9&#8243; form_background_color=&#8221;#ffffff&#8221; global_colors_info=&#8221;{}&#8221; button_text_color__hover=&#8221;#000000&#8243; button_text_color__hover_enabled=&#8221;on&#8221; button_bg_color__hover=&#8221;#bfbfbf&#8221; button_bg_color__hover_enabled=&#8221;on&#8221; button_border_color__hover=&#8221;#bfbfbf&#8221; button_border_color__hover_enabled=&#8221;on&#8221; button_letter_spacing__hover=&#8221;2px&#8221; button_letter_spacing__hover_enabled=&#8221;on&#8221;][et_pb_contact_field field_id=&#8221;Nombre&#8221; field_title=&#8221;Name and surname&#8221; _builder_version=&#8221;4.17.6&#8243; global_colors_info=&#8221;{}&#8221; button_text_size__hover_enabled=&#8221;off&#8221; button_one_text_size__hover_enabled=&#8221;off&#8221; button_two_text_size__hover_enabled=&#8221;off&#8221; button_text_color__hover_enabled=&#8221;off&#8221; button_one_text_color__hover_enabled=&#8221;off&#8221; button_two_text_color__hover_enabled=&#8221;off&#8221; button_border_width__hover_enabled=&#8221;off&#8221; button_one_border_width__hover_enabled=&#8221;off&#8221; button_two_border_width__hover_enabled=&#8221;off&#8221; button_border_color__hover_enabled=&#8221;off&#8221; button_one_border_color__hover_enabled=&#8221;off&#8221; button_two_border_color__hover_enabled=&#8221;off&#8221; button_border_radius__hover_enabled=&#8221;off&#8221; button_one_border_radius__hover_enabled=&#8221;off&#8221; button_two_border_radius__hover_enabled=&#8221;off&#8221; button_letter_spacing__hover_enabled=&#8221;off&#8221; button_one_letter_spacing__hover_enabled=&#8221;off&#8221; button_two_letter_spacing__hover_enabled=&#8221;off&#8221; button_bg_color__hover_enabled=&#8221;off&#8221; button_one_bg_color__hover_enabled=&#8221;off&#8221; button_two_bg_color__hover_enabled=&#8221;off&#8221;][\/et_pb_contact_field][et_pb_contact_field field_id=&#8221;Email&#8221; field_title=&#8221;E-mail address&#8221; field_type=&#8221;email&#8221; _builder_version=&#8221;4.17.4&#8243; global_colors_info=&#8221;{}&#8221; button_text_size__hover_enabled=&#8221;off&#8221; button_one_text_size__hover_enabled=&#8221;off&#8221; button_two_text_size__hover_enabled=&#8221;off&#8221; button_text_color__hover_enabled=&#8221;off&#8221; button_one_text_color__hover_enabled=&#8221;off&#8221; button_two_text_color__hover_enabled=&#8221;off&#8221; button_border_width__hover_enabled=&#8221;off&#8221; button_one_border_width__hover_enabled=&#8221;off&#8221; button_two_border_width__hover_enabled=&#8221;off&#8221; button_border_color__hover_enabled=&#8221;off&#8221; button_one_border_color__hover_enabled=&#8221;off&#8221; button_two_border_color__hover_enabled=&#8221;off&#8221; button_border_radius__hover_enabled=&#8221;off&#8221; button_one_border_radius__hover_enabled=&#8221;off&#8221; button_two_border_radius__hover_enabled=&#8221;off&#8221; button_letter_spacing__hover_enabled=&#8221;off&#8221; button_one_letter_spacing__hover_enabled=&#8221;off&#8221; button_two_letter_spacing__hover_enabled=&#8221;off&#8221; button_bg_color__hover_enabled=&#8221;off&#8221; button_one_bg_color__hover_enabled=&#8221;off&#8221; button_two_bg_color__hover_enabled=&#8221;off&#8221;][\/et_pb_contact_field][et_pb_contact_field field_id=&#8221;Consulta&#8221; field_title=&#8221;Message&#8221; field_type=&#8221;text&#8221; fullwidth_field=&#8221;on&#8221; _builder_version=&#8221;4.17.6&#8243; global_colors_info=&#8221;{}&#8221; button_text_size__hover_enabled=&#8221;off&#8221; button_one_text_size__hover_enabled=&#8221;off&#8221; button_two_text_size__hover_enabled=&#8221;off&#8221; button_text_color__hover_enabled=&#8221;off&#8221; button_one_text_color__hover_enabled=&#8221;off&#8221; button_two_text_color__hover_enabled=&#8221;off&#8221; button_border_width__hover_enabled=&#8221;off&#8221; button_one_border_width__hover_enabled=&#8221;off&#8221; button_two_border_width__hover_enabled=&#8221;off&#8221; button_border_color__hover_enabled=&#8221;off&#8221; button_one_border_color__hover_enabled=&#8221;off&#8221; button_two_border_color__hover_enabled=&#8221;off&#8221; button_border_radius__hover_enabled=&#8221;off&#8221; button_one_border_radius__hover_enabled=&#8221;off&#8221; button_two_border_radius__hover_enabled=&#8221;off&#8221; button_letter_spacing__hover_enabled=&#8221;off&#8221; button_one_letter_spacing__hover_enabled=&#8221;off&#8221; button_two_letter_spacing__hover_enabled=&#8221;off&#8221; button_bg_color__hover_enabled=&#8221;off&#8221; button_one_bg_color__hover_enabled=&#8221;off&#8221; button_two_bg_color__hover_enabled=&#8221;off&#8221;][\/et_pb_contact_field][et_pb_contact_field field_id=&#8221;Texto_legal&#8221; field_title=&#8221; &#8221; field_type=&#8221;checkbox&#8221; checkbox_options=&#8221;%91{%22value%22:%22 RESPONSIBLE: RAFAEL GUERRERO MAROTO || PURPOSE: To send the requested information, resolve the query and, if authorised, to send information about activities, products and services related to the controller that may be of interest to you || LEGITIMACY: Consent you give us || RIGHTS: You may exercise your rights of access, rectification, erasure, portability, limitation or opposition to your data processing by sending a letter to Paseo de la Castellana, 135 &#8211; Planta 7 28046, Madrid or an email to info@agencyworld.org || ADDITIONAL INFORMATION: You may consult additional information at %22,%22checked%22:0,%22dragID%22:-1,%22link_url%22:%22https:\/\/www.agencyworld.org\/aviso-legal-y-politica-de-privacidad%22,%22link_text%22:%22https:\/\/www.agencyworld.org\/aviso-legal-y-politica-de-privacidad%22}%93&#8243; required_mark=&#8221;off&#8221; fullwidth_field=&#8221;on&#8221; _builder_version=&#8221;4.17.6&#8243; _module_preset=&#8221;default&#8221; global_colors_info=&#8221;{}&#8221;][\/et_pb_contact_field][et_pb_contact_field field_id=&#8221;Privacidad&#8221; field_title=&#8221; &#8221; field_type=&#8221;checkbox&#8221; checkbox_options=&#8221;%91{%22value%22:%22I have read and accept the privacy policy%22,%22checked%22:0,%22dragID%22:-1}%93&#8243; fullwidth_field=&#8221;on&#8221; _builder_version=&#8221;4.17.6&#8243; _module_preset=&#8221;default&#8221; global_colors_info=&#8221;{}&#8221;][\/et_pb_contact_field][et_pb_contact_field field_id=&#8221;Consent&#8221; field_title=&#8221; &#8221; field_type=&#8221;checkbox&#8221; checkbox_options=&#8221;%91{%22value%22:%22I give my consent to receive information about activities, products and services related to our entity.%22,%22checked%22:0,%22dragID%22:-1}%93&#8243; fullwidth_field=&#8221;on&#8221; _builder_version=&#8221;4.17.6&#8243; _module_preset=&#8221;default&#8221; global_colors_info=&#8221;{}&#8221;][\/et_pb_contact_field][\/et_pb_contact_form][\/et_pb_column][\/et_pb_row][\/et_pb_section][et_pb_section fb_built=&#8221;1&#8243; _builder_version=&#8221;4.17.4&#8243; background_enable_color=&#8221;off&#8221; custom_margin=&#8221;40px||||false|false&#8221; custom_padding=&#8221;0px|0px|80px|0px&#8221; box_shadow_style=&#8221;preset4&#8243; box_shadow_horizontal=&#8221;0px&#8221; box_shadow_vertical=&#8221;120px&#8221; box_shadow_color=&#8221;#e7edf9&#8243; box_shadow_position=&#8221;inner&#8221; global_colors_info=&#8221;{}&#8221;][et_pb_row use_custom_gutter=&#8221;on&#8221; gutter_width=&#8221;1&#8243; admin_label=&#8221;3&#8243; module_class=&#8221; et_pb_row_fullwidth&#8221; _builder_version=&#8221;4.16&#8243; width=&#8221;100%&#8221; width_tablet=&#8221;100%&#8221; width_phone=&#8221;&#8221; width_last_edited=&#8221;on|desktop&#8221; max_width=&#8221;100%&#8221; max_width_tablet=&#8221;100%&#8221; max_width_phone=&#8221;&#8221; max_width_last_edited=&#8221;on|desktop&#8221; custom_padding=&#8221;0px|0px|0px|0px&#8221; make_fullwidth=&#8221;on&#8221; global_colors_info=&#8221;{}&#8221;][et_pb_column type=&#8221;4_4&#8243; _builder_version=&#8221;4.16&#8243; custom_padding=&#8221;|||&#8221; global_colors_info=&#8221;{}&#8221; custom_padding__hover=&#8221;|||&#8221;][et_pb_code _builder_version=&#8221;4.17.6&#8243; global_colors_info=&#8221;{}&#8221;]<iframe src=\"https:\/\/maps.googleapis.com\/maps\/embed?pb=!1m18!1m12!1m3!1d3035.7114342313316!2d-3.6957130286470465!3d40.459523394742!2m3!1f0!2f0!3f0!3m2!1i1024!2i768!4f13.1!3m3!1m2!1s0xd42291b88d24327%3A0x5f7c033584997d6!2sGrupo%20Agency%20World%20Inv!5e0!3m2!1ses!2ses!4v1656848299406!5m2!1ses!2ses\" width=\"100%\" height=\"450\" style=\"border:0;\" allowfullscreen=\"\" loading=\"lazy\" referrerpolicy=\"no-referrer-when-downgrade\"><\/iframe>[\/et_pb_code][\/et_pb_column][\/et_pb_row][et_pb_row column_structure=&#8221;1_3,1_3,1_3&#8243; use_custom_gutter=&#8221;on&#8221; gutter_width=&#8221;2&#8243; admin_label=&#8221;1&#8243; _builder_version=&#8221;4.16&#8243; background_size=&#8221;initial&#8221; background_position=&#8221;top_center&#8221; background_repeat=&#8221;repeat&#8221; custom_margin=&#8221;|auto|49px|auto||&#8221; custom_padding=&#8221;|||&#8221; global_colors_info=&#8221;{}&#8221;][et_pb_column type=&#8221;1_3&#8243; _builder_version=&#8221;4.16&#8243; custom_padding=&#8221;|||&#8221; custom_padding_tablet=&#8221;|||0px&#8221; custom_padding_last_edited=&#8221;off|desktop&#8221; global_colors_info=&#8221;{}&#8221; custom_padding__hover=&#8221;|||&#8221;][et_pb_blurb title=&#8221;E-mail&#8221; use_icon=&#8221;on&#8221; font_icon=&#8221;&#xe076;||divi||400&#8243; icon_color=&#8221;#ffffff&#8221; image_icon_background_color=&#8221;#071b34&#8243; image_icon_width=&#8221;20px&#8221; _builder_version=&#8221;4.17.4&#8243; header_font=&#8221;Poppins|600|||||||&#8221; header_text_color=&#8221;#000000&#8243; header_font_size=&#8221;20px&#8221; header_line_height=&#8221;2em&#8221; body_font=&#8221;Roboto|300|||||||&#8221; body_text_color=&#8221;#000000&#8243; body_font_size=&#8221;15px&#8221; body_line_height=&#8221;1.8em&#8221; background_color=&#8221;#ffffff&#8221; image_icon_custom_padding=&#8221;25px|25px|25px|25px|false|false&#8221; text_orientation=&#8221;center&#8221; custom_margin=&#8221;-140px|||&#8221; custom_margin_tablet=&#8221;0px|||&#8221; custom_margin_phone=&#8221;&#8221; custom_margin_last_edited=&#8221;on|tablet&#8221; custom_padding=&#8221;40px|30px|40px|30px&#8221; animation=&#8221;off&#8221; border_radii=&#8221;on|3px|3px|3px|3px&#8221; border_width_all=&#8221;1px&#8221; border_color_all=&#8221;#cecece&#8221; border_radii_image=&#8221;on|100%|100%|100%|100%&#8221; icon_font_size=&#8221;30px&#8221; use_circle=&#8221;on&#8221; circle_color=&#8221;#383838&#8243; global_colors_info=&#8221;{}&#8221; image_icon_background_color__sticky_enabled=&#8221;#7EBEC5&#8243; image_icon_background_color__sticky=&#8221;#7EBEC5&#8243;]<\/p>\n<p>info@agencyworld.org<\/p>\n<p>[\/et_pb_blurb][\/et_pb_column][et_pb_column type=&#8221;1_3&#8243; _builder_version=&#8221;4.16&#8243; custom_padding=&#8221;|||&#8221; custom_padding_tablet=&#8221;|0px||0px&#8221; custom_padding_last_edited=&#8221;off|desktop&#8221; global_colors_info=&#8221;{}&#8221; custom_padding__hover=&#8221;|||&#8221;][et_pb_blurb title=&#8221;Madrid Office&#8221; use_icon=&#8221;on&#8221; font_icon=&#8221;&#xe081;||divi||400&#8243; icon_color=&#8221;#ffffff&#8221; image_icon_background_color=&#8221;#071b34&#8243; image_icon_width=&#8221;20px&#8221; _builder_version=&#8221;4.17.4&#8243; header_font=&#8221;Poppins|600|||||||&#8221; header_text_color=&#8221;#000000&#8243; header_font_size=&#8221;20px&#8221; header_line_height=&#8221;2em&#8221; body_font=&#8221;Roboto|300|||||||&#8221; body_text_color=&#8221;#000000&#8243; body_font_size=&#8221;15px&#8221; body_line_height=&#8221;1.8em&#8221; background_color=&#8221;#ffffff&#8221; image_icon_custom_padding=&#8221;25px|25px|25px|25px|false|false&#8221; text_orientation=&#8221;center&#8221; custom_margin=&#8221;-140px|||&#8221; custom_margin_tablet=&#8221;0px|||&#8221; custom_margin_phone=&#8221;&#8221; custom_margin_last_edited=&#8221;on|tablet&#8221; custom_padding=&#8221;40px|30px|40px|30px&#8221; animation=&#8221;off&#8221; border_radii=&#8221;on|3px|3px|3px|3px&#8221; border_width_all=&#8221;1px&#8221; border_color_all=&#8221;#cecece&#8221; border_radii_image=&#8221;on|100%|100%|100%|100%&#8221; icon_font_size=&#8221;30px&#8221; use_circle=&#8221;on&#8221; circle_color=&#8221;#383838&#8243; global_colors_info=&#8221;{}&#8221; image_icon_background_color__sticky_enabled=&#8221;#7EBEC5&#8243; image_icon_background_color__sticky=&#8221;#7EBEC5&#8243;]<\/p>\n<p>Paseo de la Castellana, n\u00ba 135, Planta 7,\u00a028046 Madrid<br \/><em><span style=\"color: #626262;\">Appointment<\/span><\/em><\/p>\n<p>[\/et_pb_blurb][\/et_pb_column][et_pb_column type=&#8221;1_3&#8243; _builder_version=&#8221;4.16&#8243; custom_padding=&#8221;|||&#8221; custom_padding_tablet=&#8221;|0px||&#8221; custom_padding_last_edited=&#8221;off|desktop&#8221; global_colors_info=&#8221;{}&#8221; custom_padding__hover=&#8221;|||&#8221;][et_pb_blurb title=&#8221;Phone number&#8221; use_icon=&#8221;on&#8221; font_icon=&#8221;&#xe090;||divi||400&#8243; icon_color=&#8221;#ffffff&#8221; image_icon_background_color=&#8221;#071b34&#8243; image_icon_width=&#8221;20px&#8221; _builder_version=&#8221;4.27.4&#8243; header_font=&#8221;Poppins|600|||||||&#8221; header_text_color=&#8221;#000000&#8243; header_font_size=&#8221;20px&#8221; header_line_height=&#8221;2em&#8221; body_font=&#8221;Roboto|300|||||||&#8221; body_text_color=&#8221;#000000&#8243; body_font_size=&#8221;15px&#8221; body_line_height=&#8221;1.8em&#8221; background_color=&#8221;#ffffff&#8221; image_icon_custom_padding=&#8221;25px|25px|25px|25px|false|false&#8221; text_orientation=&#8221;center&#8221; custom_margin=&#8221;-140px|||&#8221; custom_margin_tablet=&#8221;0px|||&#8221; custom_margin_phone=&#8221;&#8221; custom_margin_last_edited=&#8221;on|tablet&#8221; custom_padding=&#8221;40px|30px|40px|30px&#8221; animation=&#8221;off&#8221; hover_enabled=&#8221;0&#8243; border_radii=&#8221;on|3px|3px|3px|3px&#8221; border_width_all=&#8221;1px&#8221; border_color_all=&#8221;#cecece&#8221; border_radii_image=&#8221;on|100%|100%|100%|100%&#8221; icon_font_size=&#8221;30px&#8221; use_circle=&#8221;on&#8221; circle_color=&#8221;#383838&#8243; global_colors_info=&#8221;{}&#8221; image_icon_background_color__sticky_enabled=&#8221;#7EBEC5&#8243; image_icon_background_color__sticky=&#8221;#7EBEC5&#8243; sticky_enabled=&#8221;0&#8243;]<\/p>\n<p>Whatsapp: +34 654 41 07 70<\/p>\n<p>[\/et_pb_blurb][\/et_pb_column][\/et_pb_row][\/et_pb_section]<\/p>\n","protected":false},"excerpt":{"rendered":"<p>Contact usContact with Agency WorldIf you have any questions, please fill out the following form and we will contact you as soon as possible.info@agencyworld.orgPaseo de la Castellana, n\u00ba 135, Planta 7,\u00a028046 MadridAppointmentWhatsapp: +34 654 41 07 70<\/p>\n","protected":false},"author":1,"featured_media":0,"parent":0,"menu_order":11,"comment_status":"open","ping_status":"closed","template":"","meta":{"_et_pb_use_builder":"on","_et_pb_old_content":"","_et_gb_content_width":"","_joinchat":[],"footnotes":""},"class_list":["post-50329","page","type-page","status-publish","hentry"],"yoast_head":"<!-- This site is optimized with the Yoast SEO plugin v26.0 - https:\/\/yoast.com\/wordpress\/plugins\/seo\/ -->\n<title>Agencia de Detectives en Madrid - Investigaciones<\/title>\n<meta name=\"description\" content=\"Contacta con Agency World. Cu\u00e9ntanos tu caso y solicita m\u00e1s informaci\u00f3n sin compromiso.\" \/>\n<meta name=\"robots\" content=\"index, follow, max-snippet:-1, max-image-preview:large, max-video-preview:-1\" \/>\n<link rel=\"canonical\" href=\"https:\/\/www.agencyworld.org\/en\/contact-us\" \/>\n<meta property=\"og:locale\" content=\"en_US\" \/>\n<meta property=\"og:type\" content=\"article\" \/>\n<meta property=\"og:title\" content=\"Agencia de Detectives en Madrid - Investigaciones\" \/>\n<meta property=\"og:description\" content=\"Contacta con Agency World. Cu\u00e9ntanos tu caso y solicita m\u00e1s informaci\u00f3n sin compromiso.\" \/>\n<meta property=\"og:url\" content=\"https:\/\/www.agencyworld.org\/en\/contact-us\" \/>\n<meta property=\"og:site_name\" content=\"Agency World\" \/>\n<meta property=\"article:modified_time\" content=\"2025-09-18T16:03:43+00:00\" \/>\n<meta name=\"twitter:card\" content=\"summary_large_image\" \/>\n<meta name=\"twitter:label1\" content=\"Est. reading time\" \/>\n\t<meta name=\"twitter:data1\" content=\"1 minute\" \/>\n<script type=\"application\/ld+json\" class=\"yoast-schema-graph\">{\"@context\":\"https:\/\/schema.org\",\"@graph\":[{\"@type\":\"WebPage\",\"@id\":\"https:\/\/www.agencyworld.org\/en\/contact-us\",\"url\":\"https:\/\/www.agencyworld.org\/en\/contact-us\",\"name\":\"Agencia de Detectives en Madrid - Investigaciones\",\"isPartOf\":{\"@id\":\"https:\/\/www.agencyworld.org\/en#website\"},\"datePublished\":\"2022-06-21T21:20:26+00:00\",\"dateModified\":\"2025-09-18T16:03:43+00:00\",\"description\":\"Contacta con Agency World. Cu\u00e9ntanos tu caso y solicita m\u00e1s informaci\u00f3n sin compromiso.\",\"breadcrumb\":{\"@id\":\"https:\/\/www.agencyworld.org\/en\/contact-us#breadcrumb\"},\"inLanguage\":\"en-US\",\"potentialAction\":[{\"@type\":\"ReadAction\",\"target\":[\"https:\/\/www.agencyworld.org\/en\/contact-us\"]}]},{\"@type\":\"BreadcrumbList\",\"@id\":\"https:\/\/www.agencyworld.org\/en\/contact-us#breadcrumb\",\"itemListElement\":[{\"@type\":\"ListItem\",\"position\":1,\"name\":\"Portada\",\"item\":\"https:\/\/www.agencyworld.org\/en\"},{\"@type\":\"ListItem\",\"position\":2,\"name\":\"Contact us\"}]},{\"@type\":\"WebSite\",\"@id\":\"https:\/\/www.agencyworld.org\/en#website\",\"url\":\"https:\/\/www.agencyworld.org\/en\",\"name\":\"Agency World\",\"description\":\"Agencia de detectives en Madrid\",\"potentialAction\":[{\"@type\":\"SearchAction\",\"target\":{\"@type\":\"EntryPoint\",\"urlTemplate\":\"https:\/\/www.agencyworld.org\/en?s={search_term_string}\"},\"query-input\":{\"@type\":\"PropertyValueSpecification\",\"valueRequired\":true,\"valueName\":\"search_term_string\"}}],\"inLanguage\":\"en-US\"}]}<\/script>\n<!-- \/ Yoast SEO plugin. -->","yoast_head_json":{"title":"Agencia de Detectives en Madrid - Investigaciones","description":"Contacta con Agency World. Cu\u00e9ntanos tu caso y solicita m\u00e1s informaci\u00f3n sin compromiso.","robots":{"index":"index","follow":"follow","max-snippet":"max-snippet:-1","max-image-preview":"max-image-preview:large","max-video-preview":"max-video-preview:-1"},"canonical":"https:\/\/www.agencyworld.org\/en\/contact-us","og_locale":"en_US","og_type":"article","og_title":"Agencia de Detectives en Madrid - Investigaciones","og_description":"Contacta con Agency World. Cu\u00e9ntanos tu caso y solicita m\u00e1s informaci\u00f3n sin compromiso.","og_url":"https:\/\/www.agencyworld.org\/en\/contact-us","og_site_name":"Agency World","article_modified_time":"2025-09-18T16:03:43+00:00","twitter_card":"summary_large_image","twitter_misc":{"Est. reading time":"1 minute"},"schema":{"@context":"https:\/\/schema.org","@graph":[{"@type":"WebPage","@id":"https:\/\/www.agencyworld.org\/en\/contact-us","url":"https:\/\/www.agencyworld.org\/en\/contact-us","name":"Agencia de Detectives en Madrid - Investigaciones","isPartOf":{"@id":"https:\/\/www.agencyworld.org\/en#website"},"datePublished":"2022-06-21T21:20:26+00:00","dateModified":"2025-09-18T16:03:43+00:00","description":"Contacta con Agency World. Cu\u00e9ntanos tu caso y solicita m\u00e1s informaci\u00f3n sin compromiso.","breadcrumb":{"@id":"https:\/\/www.agencyworld.org\/en\/contact-us#breadcrumb"},"inLanguage":"en-US","potentialAction":[{"@type":"ReadAction","target":["https:\/\/www.agencyworld.org\/en\/contact-us"]}]},{"@type":"BreadcrumbList","@id":"https:\/\/www.agencyworld.org\/en\/contact-us#breadcrumb","itemListElement":[{"@type":"ListItem","position":1,"name":"Portada","item":"https:\/\/www.agencyworld.org\/en"},{"@type":"ListItem","position":2,"name":"Contact us"}]},{"@type":"WebSite","@id":"https:\/\/www.agencyworld.org\/en#website","url":"https:\/\/www.agencyworld.org\/en","name":"Agency World","description":"Agencia de detectives en Madrid","potentialAction":[{"@type":"SearchAction","target":{"@type":"EntryPoint","urlTemplate":"https:\/\/www.agencyworld.org\/en?s={search_term_string}"},"query-input":{"@type":"PropertyValueSpecification","valueRequired":true,"valueName":"search_term_string"}}],"inLanguage":"en-US"}]}},"_links":{"self":[{"href":"https:\/\/www.agencyworld.org\/en\/wp-json\/wp\/v2\/pages\/50329","targetHints":{"allow":["GET"]}}],"collection":[{"href":"https:\/\/www.agencyworld.org\/en\/wp-json\/wp\/v2\/pages"}],"about":[{"href":"https:\/\/www.agencyworld.org\/en\/wp-json\/wp\/v2\/types\/page"}],"author":[{"embeddable":true,"href":"https:\/\/www.agencyworld.org\/en\/wp-json\/wp\/v2\/users\/1"}],"replies":[{"embeddable":true,"href":"https:\/\/www.agencyworld.org\/en\/wp-json\/wp\/v2\/comments?post=50329"}],"version-history":[{"count":10,"href":"https:\/\/www.agencyworld.org\/en\/wp-json\/wp\/v2\/pages\/50329\/revisions"}],"predecessor-version":[{"id":50998,"href":"https:\/\/www.agencyworld.org\/en\/wp-json\/wp\/v2\/pages\/50329\/revisions\/50998"}],"wp:attachment":[{"href":"https:\/\/www.agencyworld.org\/en\/wp-json\/wp\/v2\/media?parent=50329"}],"curies":[{"name":"wp","href":"https:\/\/api.w.org\/{rel}","templated":true}]}}